{"id":6643,"date":"2025-11-20T17:07:25","date_gmt":"2025-11-20T16:07:25","guid":{"rendered":"https:\/\/weingut-blaul.de\/shop\/produkt\/artikel-nr-772023-pinot-noir-trocken-goennheimer-martinshoehe\/"},"modified":"2026-04-20T11:42:14","modified_gmt":"2026-04-20T09:42:14","slug":"artikel-nr-772023-pinot-noir-trocken-goennheimer-martinshoehe","status":"publish","type":"product","link":"https:\/\/weingut-blaul.de\/shop\/produkt\/artikel-nr-772023-pinot-noir-trocken-goennheimer-martinshoehe\/","title":{"rendered":"<br>Artikel-Nr.: 77<br>2023 Pinot Noir trocken, G\u00f6nnheimer Martinsh\u00f6he<br>"},"content":{"rendered":"<p><!-- IBGHTML --><\/p>\n<p>Pinot Noir, also Sp\u00e4tburgunder aus einer Dichtpflanzung mit franz\u00f6sischer Genetik. Ein sehr eleganter, feingliedriger Wein. Eindringlicher Duft von s\u00fc\u00dfen Kirschen, Hagebutten und s\u00fc\u00dflichen Gew\u00fcrzen. Auch am Gaumen angenehm filigran und dennoch eindringlich&nbsp;und animierend mit guter L\u00e4nge. Die Tannine sind&nbsp;ausgereift und feink\u00f6rnig.<\/p>\n<p><\/p>\n<table WIDTH=\"60%\" BORDER=\"0\" align=\"left\" CELLPADDING=\"0\" CELLSPACING=\"0\"><\/p>\n<tr>\n<td width=\"53%\">Artikelnummer:<\/td>\n<td width=\"47%\"><strong>77<\/strong><\/td>\n<\/tr>\n<p><\/p>\n<tr>\n<td>Inhalt<\/td>\n<td><strong>0,75 Ltr.<\/strong><\/td>\n<\/tr>\n<p><\/p>\n<tr>\n<td>Preis\/Ltr.<\/td>\n<td><strong>25,33 EUR pro Ltr.<\/strong><\/td>\n<\/tr>\n<p><\/p>\n<tr>\n<td>Weinart:<\/td>\n<td><strong>Rotwein<\/strong><\/td>\n<\/tr>\n<p><\/p>\n<tr>\n<td>Qualit&auml;tsstufe<\/td>\n<td><strong>Qualit\u00e4tswein<\/strong><\/td>\n<\/tr>\n<p><\/p>\n<tr>\n<td>Rebsorte<\/td>\n<td><strong>Pinot noir<\/strong><\/td>\n<\/tr>\n<p><\/p>\n<tr>\n<td>Restzuckergehalt<\/td>\n<td><strong>3,5 g\/Ltr.<\/strong><\/td>\n<\/tr>\n<p><\/p>\n<tr>\n<td>S\u00e4ure<\/td>\n<td><strong>5,5 g\/Ltr.<\/strong><\/td>\n<\/tr>\n<p><\/p>\n<tr>\n<td>Alkoholgehalt<\/td>\n<td><strong>12,5 Vol. %<\/strong><\/td>\n<\/tr>\n<p><\/p>\n<tr>\n<td>enth\u00e4lt Allergene:<\/td>\n<td><strong>Sulfite<\/strong><\/td>\n<\/tr>\n<p><\/table>\n","protected":false},"excerpt":{"rendered":"<p>Pinot Noir, also Sp\u00e4tburgunder aus einer Dichtpflanzung mit franz\u00f6sischer Genetik. Ein sehr eleganter, feingliedriger Wein. Eindringlicher Duft von s\u00fc\u00dfen Kirschen, Hagebutten und s\u00fc\u00dflichen Gew\u00fcrzen. Auch am Gaumen angenehm filigran und dennoch eindringlich und animierend mit guter L\u00e4nge. Die Tannine sind ausgereift und feink\u00f6rnig.<\/p>\n","protected":false},"featured_media":6630,"template":"","meta":{"inline_featured_image":false,"site-sidebar-layout":"default","site-content-layout":"","ast-site-content-layout":"default","site-content-style":"default","site-sidebar-style":"default","ast-global-header-display":"","ast-banner-title-visibility":"","ast-main-header-display":"","ast-hfb-above-header-display":"","ast-hfb-below-header-display":"","ast-hfb-mobile-header-display":"","site-post-title":"","ast-breadcrumbs-content":"","ast-featured-img":"","footer-sml-layout":"","ast-disable-related-posts":"","theme-transparent-header-meta":"","adv-header-id-meta":"","stick-header-meta":"","header-above-stick-meta":"","header-main-stick-meta":"","header-below-stick-meta":"","astra-migrate-meta-layouts":"default","ast-page-background-enabled":"default","ast-page-background-meta":{"desktop":{"background-color":"var(--ast-global-color-4)","background-image":"","background-repeat":"repeat","background-position":"center center","background-size":"auto","background-attachment":"scroll","background-type":"","background-media":"","overlay-type":"","overlay-color":"","overlay-opacity":"","overlay-gradient":""},"tablet":{"background-color":"","background-image":"","background-repeat":"repeat","background-position":"center center","background-size":"auto","background-attachment":"scroll","background-type":"","background-media":"","overlay-type":"","overlay-color":"","overlay-opacity":"","overlay-gradient":""},"mobile":{"background-color":"","background-image":"","background-repeat":"repeat","background-position":"center center","background-size":"auto","background-attachment":"scroll","background-type":"","background-media":"","overlay-type":"","overlay-color":"","overlay-opacity":"","overlay-gradient":""}},"ast-content-background-meta":{"desktop":{"background-color":"var(--ast-global-color-5)","background-image":"","background-repeat":"repeat","background-position":"center center","background-size":"auto","background-attachment":"scroll","background-type":"","background-media":"","overlay-type":"","overlay-color":"","overlay-opacity":"","overlay-gradient":""},"tablet":{"background-color":"var(--ast-global-color-5)","background-image":"","background-repeat":"repeat","background-position":"center center","background-size":"auto","background-attachment":"scroll","background-type":"","background-media":"","overlay-type":"","overlay-color":"","overlay-opacity":"","overlay-gradient":""},"mobile":{"background-color":"var(--ast-global-color-5)","background-image":"","background-repeat":"repeat","background-position":"center center","background-size":"auto","background-attachment":"scroll","background-type":"","background-media":"","overlay-type":"","overlay-color":"","overlay-opacity":"","overlay-gradient":""}}},"product_brand":[],"product_cat":[1055],"product_tag":[],"class_list":{"0":"post-6643","1":"product","2":"type-product","3":"status-publish","4":"has-post-thumbnail","6":"product_cat-lagen-und-barrique-weine","7":"desktop-align-left","8":"tablet-align-left","9":"mobile-align-left","11":"first","12":"instock","13":"taxable","14":"shipping-taxable","15":"purchasable","16":"product-type-simple"},"_links":{"self":[{"href":"https:\/\/weingut-blaul.de\/shop\/wp-json\/wp\/v2\/product\/6643","targetHints":{"allow":["GET"]}}],"collection":[{"href":"https:\/\/weingut-blaul.de\/shop\/wp-json\/wp\/v2\/product"}],"about":[{"href":"https:\/\/weingut-blaul.de\/shop\/wp-json\/wp\/v2\/types\/product"}],"wp:featuredmedia":[{"embeddable":true,"href":"https:\/\/weingut-blaul.de\/shop\/wp-json\/wp\/v2\/media\/6630"}],"wp:attachment":[{"href":"https:\/\/weingut-blaul.de\/shop\/wp-json\/wp\/v2\/media?parent=6643"}],"wp:term":[{"taxonomy":"product_brand","embeddable":true,"href":"https:\/\/weingut-blaul.de\/shop\/wp-json\/wp\/v2\/product_brand?post=6643"},{"taxonomy":"product_cat","embeddable":true,"href":"https:\/\/weingut-blaul.de\/shop\/wp-json\/wp\/v2\/product_cat?post=6643"},{"taxonomy":"product_tag","embeddable":true,"href":"https:\/\/weingut-blaul.de\/shop\/wp-json\/wp\/v2\/product_tag?post=6643"}],"curies":[{"name":"wp","href":"https:\/\/api.w.org\/{rel}","templated":true}]}}